{"id":957,"date":"2016-12-14T12:19:05","date_gmt":"2016-12-14T11:19:05","guid":{"rendered":"http:\/\/www.jaegerhaus-sehlde.de\/?page_id=957"},"modified":"2022-08-26T15:07:54","modified_gmt":"2022-08-26T13:07:54","slug":"impressum","status":"publish","type":"page","link":"https:\/\/www.jaegerhaus-sehlde.de\/?page_id=957","title":{"rendered":"Impressum"},"content":{"rendered":"<p>Verantwortlich f\u00fcr den Inhalt (gem. \u00a7 55 Abs. 2 RStV):<\/p>\n<p>SKANDIX AG<br \/>\nRichtersh\u00f6he 6<br \/>\n38729 Langelsheim<\/p>\n<p>Tel. <a href=\"tel:+49-5383-960096\">05383 &#8211; 96 00 96<\/a><\/p>\n<p>eMail: <a href=\"mailto:info@skandix.de\">info@skandix.de<\/a><\/p>\n<h3>Firmenangaben<\/h3>\n<p>Vorstand: Matthias Volk<br \/>\nHandelsregister: Amtsgericht Braunschweig HRB 111264<br \/>\nUSt-Identnummer: DE 811 674 916<br \/>\nSKANDIX\u00ae und SKANDIX Classic\u00ae sind eingetragene Marken<\/p>\n<p>Disclaimer \u2013 rechtliche Hinweise<\/p>\n<p>\u00a7 1 Haftungsbeschr\u00e4nkung<br \/>\nDie Inhalte dieser Website werden mit gr\u00f6\u00dftm\u00f6glicher Sorgfalt erstellt. Der Anbieter \u00fcbernimmt jedoch keine Gew\u00e4hr f\u00fcr die Richtigkeit, Vollst\u00e4ndigkeit und Aktualit\u00e4t der bereitgestellten Inhalte. Die Nutzung der Inhalte der Website erfolgt auf eigene Gefahr des Nutzers. Namentlich gekennzeichnete Beitr\u00e4ge geben die Meinung des jeweiligen Autors und nicht immer die Meinung des Anbieters wieder. Mit der reinen Nutzung der Website des Anbieters kommt keinerlei Vertragsverh\u00e4ltnis zwischen dem Nutzer und dem Anbieter zustande.<\/p>\n<p>\u00a7 2 Externe Links<br \/>\nDiese Website enth\u00e4lt Verkn\u00fcpfungen zu Websites Dritter (\u201eexterne Links\u201c). Diese Websites unterliegen der Haftung der jeweiligen Betreiber. Der Anbieter hat bei der erstmaligen Verkn\u00fcpfung der externen Links die fremden Inhalte daraufhin \u00fcberpr\u00fcft, ob etwaige Rechtsverst\u00f6\u00dfe bestehen. Zu dem Zeitpunkt waren keine Rechtsverst\u00f6\u00dfe ersichtlich. Der Anbieter hat keinerlei Einfluss auf die aktuelle und zuk\u00fcnftige Gestaltung und auf die Inhalte der verkn\u00fcpften Seiten. Das Setzen von externen Links bedeutet nicht, dass sich der Anbieter die hinter dem Verweis oder Link liegenden Inhalte zu Eigen macht. Eine st\u00e4ndige Kontrolle der externen Links ist f\u00fcr den Anbieter ohne konkrete Hinweise auf Rechtsverst\u00f6\u00dfe nicht zumutbar. Bei Kenntnis von Rechtsverst\u00f6\u00dfen werden jedoch derartige externe Links unverz\u00fcglich gel\u00f6scht.<\/p>\n<p>\u00a7 3 Urheber- und Leistungsschutzrechte<br \/>\nDie auf dieser Website ver\u00f6ffentlichten Inhalte unterliegen dem deutschen Urheber- und Leistungsschutzrecht. Jede vom deutschen Urheber- und Leistungsschutzrecht nicht zugelassene Verwertung bedarf der vorherigen schriftlichen Zustimmung des Anbieters oder jeweiligen Rechteinhabers. Dies gilt insbesondere f\u00fcr Vervielf\u00e4ltigung, Bearbeitung, \u00dcbersetzung, Einspeicherung, Verarbeitung bzw. Wiedergabe von Inhalten in Datenbanken oder anderen elektronischen Medien und Systemen. Inhalte und Rechte Dritter sind dabei als solche gekennzeichnet. Die unerlaubte Vervielf\u00e4ltigung oder Weitergabe einzelner Inhalte oder kompletter Seiten ist nicht gestattet und strafbar. Lediglich die Herstellung von Kopien und Downloads f\u00fcr den pers\u00f6nlichen, privaten und nicht kommerziellen Gebrauch ist erlaubt.<\/p>\n<p>Die Darstellung dieser Website in fremden Frames ist nur mit schriftlicher Erlaubnis zul\u00e4ssig.<\/p>\n<p>\u00a7 4 Besondere Nutzungsbedingungen<br \/>\nSoweit besondere Bedingungen f\u00fcr einzelne Nutzungen dieser Website von den vorgenannten Paragraphen abweichen, wird an entsprechender Stelle ausdr\u00fccklich darauf hingewiesen. In diesem Falle gelten im jeweiligen Einzelfall die besonderen Nutzungsbedingungen.<\/p>\n<p><a name=\"datenschutz\"><\/a><br \/>\nDatenschutzerkl\u00e4rung:<\/p>\n<p>Datenschutz<br \/>\nNachfolgend m\u00f6chten wir Sie \u00fcber unsere Datenschutzerkl\u00e4rung informieren. Sie finden hier Informationen \u00fcber die Erhebung und Verwendung pers\u00f6nlicher Daten bei der Nutzung unserer Webseite. Wir beachten dabei das f\u00fcr Deutschland geltende Datenschutzrecht.<br \/>\nSofern innerhalb des Internetangebotes die M\u00f6glichkeit zur Eingabe pers\u00f6nlicher oder gesch\u00e4ftlicher Daten (E-Mail Adressen, Namen, Anschriften) besteht, so erfolgt die Preisgabe dieser Daten seitens des Nutzers auf freiwilliger Basis.<\/p>\n<p>Alle personenbezogenen Daten werden gem\u00e4\u00df der gesetzlichen Bestimmungen verarbeitet.<\/p>\n<p>Gem\u00e4\u00df \u00a7 26 BundesdatenschutzG weisen wir darauf hin, dass die im Zusammenhang mit einer Gesch\u00e4ftsbeziehung zu SKANDIX generierten Daten f\u00fcr Zwecke der Gesch\u00e4ftsabwicklung &#8211; ggf. auch bei anderen Unternehmen, mit denen SKANDIX zusammenarbeitet &#8211; gespeichert werden.<\/p>\n<p>Die Nutzung der im Rahmen des Impressums oder auf anderen Seiten ver\u00f6ffentlichten Kontaktdaten wie Postanschriften, Telefon- und Faxnummern sowie Emailadressen durch Dritte zur \u00dcbersendung von nicht ausdr\u00fccklich angeforderten Informationen ist nicht gestattet.<\/p>\n<p>Wir weisen ausdr\u00fccklich darauf hin, dass die Daten\u00fcbertragung im Internet (z.B. bei der Kommunikation per E-Mail) Sicherheitsl\u00fccken aufweisen und nicht l\u00fcckenlos vor dem Zugriff durch Dritte gesch\u00fctzt werden kann.<\/p>\n<p>Die Verwendung der Kontaktdaten unseres Impressums zur gewerblichen Werbung ist ausdr\u00fccklich nicht erw\u00fcnscht, es sei denn wir hatten zuvor unsere schriftliche Einwilligung erteilt oder es besteht bereits eine Gesch\u00e4ftsbeziehung. Der Anbieter und alle auf dieser Website genannten Personen widersprechen hiermit jeder kommerziellen Verwendung und Weitergabe ihrer Daten.<\/p>\n<p>Personenbezogene Daten<br \/>\nSie k\u00f6nnen unsere Webseite ohne Angabe personenbezogener Daten besuchen. Soweit auf unseren Seiten personenbezogene Daten (wie Name, Anschrift oder E-Mail Adresse) erhoben werden, erfolgt dies, soweit m\u00f6glich, auf freiwilliger Basis. Diese Daten werden ohne Ihre ausdr\u00fcckliche Zustimmung nicht an Dritte weitergegeben. Sofern zwischen Ihnen und uns ein Vertragsverh\u00e4ltnis begr\u00fcndet, inhaltlich ausgestaltet oder ge\u00e4ndert werden soll oder Sie an uns eine Anfrage stellen, erheben und verwenden wir personenbezogene Daten von Ihnen, soweit dies zu diesen Zwecken erforderlich ist (Bestandsdaten). Wir erheben, verarbeiten und nutzen personenbezogene Daten soweit dies erforderlich ist, um Ihnen die Inanspruchnahme des Webangebots zu erm\u00f6glichen (Nutzungsdaten). S\u00e4mtliche personenbezogenen Daten werden nur solange gespeichert wie dies f\u00fcr den geannten Zweck (Bearbeitung Ihrer Anfrage oder Abwicklung eines Vertrags) erforderlich ist. Hierbei werden steuer- und handelsrechtliche Aufbewahrungsfristen ber\u00fccksichtigt. Auf Anordnung der zust\u00e4ndigen Stellen d\u00fcrfen wir im Einzelfall Auskunft \u00fcber diese Daten (Bestandsdaten) erteilen, soweit dies f\u00fcr Zwecke der Strafverfolgung, zur Gefahrenabwehr, zur Erf\u00fcllung der gesetzlichen Aufgaben der Verfassungsschutzbeh\u00f6rden oder des Milit\u00e4rischen Abschirmdienstes oder zur Durchsetzung der Rechte am geistigen Eigentum erforderlich ist.<\/p>\n<p>Datenschutzerkl\u00e4rung f\u00fcr das Facebook-Plugin (\u201eGef\u00e4llt mir\u201c)<br \/>\nUnser Internetauftritt verwendet Social Plugins (&#8222;Plugins&#8220;) des sozialen Netzwerkes facebook.com, welches von der Facebook Inc., 1601 S. California Ave, Palo Alto, CA 94304, USA betrieben wird (&#8222;Facebook&#8220;). Die Plugins sind an einem der Facebook Logos erkennbar (wei\u00dfes \u201ef\u201c auf blauer Kachel oder ein \u201eDaumen hoch\u201c-Zeichen) oder sind mit dem Zusatz &#8222;Facebook Social Plugin&#8220; gekennzeichnet. Die Liste und das Aussehen der Facebook Social Plugins kann hier eingesehen werden: http:\/\/developers.facebook.com\/plugins.<\/p>\n<p>Wenn Sie eine Webseite unseres Internetauftritts aufrufen, die ein solches Plugin enth\u00e4lt, baut Ihr Browser eine direkte Verbindung mit den Servern von Facebook auf. Der Inhalt des Plugins wird von Facebook direkt an Ihren Browser \u00fcbermittelt und von diesem in die Webseite eingebunden. Wir haben daher keinen Einfluss auf den Umfang der Daten, die Facebook mit Hilfe dieses Plugins erhebt und informieren Sie daher entsprechend unserem Kenntnisstand:<\/p>\n<p>Durch die Einbindung der Plugins erh\u00e4lt Facebook die Information, dass Sie die entsprechende Seite unseres Internetauftritts aufgerufen haben. Sind Sie bei Facebook eingeloggt, kann Facebook den Besuch Ihrem Facebook-Konto zuordnen. Wenn Sie mit den Plugins interagieren, zum Beispiel den Like Button bet\u00e4tigen oder einen Kommentar abgeben, wird die entsprechende Information von Ihrem Browser direkt an Facebook \u00fcbermittelt und dort gespeichert. Falls Sie kein Mitglied von Facebook sind, besteht trotzdem die M\u00f6glichkeit, dass Facebook Ihre IP-Adresse in Erfahrung bringt und speichert.<\/p>\n<p>Zweck und Umfang der Datenerhebung und die weitere Verarbeitung und Nutzung der Daten durch Facebook sowie Ihre diesbez\u00fcglichen Rechte und Einstellungsm\u00f6glichkeiten zum Schutz Ihrer Privatssph\u00e4re entnehmen Sie bitte den Datenschutzhinweisen von Facebook: http:\/\/www.facebook.com\/policy.php.<\/p>\n<p>Wenn Sie Facebookmitglied sind und nicht m\u00f6chten, dass Facebook \u00fcber unseren Internetauftritt Daten \u00fcber Sie sammelt und mit Ihren bei Facebook gespeicherten Mitgliedsdaten verkn\u00fcpft, m\u00fcssen Sie sich vor Ihrem Besuch unseres Internetauftritts bei Facebook ausloggen.<\/p>\n<p>Ebenfalls ist es m\u00f6glich Facebook-Social-Plugins mit Add-ons f\u00fcr Ihren Browser zu blocken, zum Beispiel mit dem &#8222;Facebook Blocker&#8220; http:\/\/webgraph.com\/resources\/facebookblocker\/.<\/p>\n<p>Auskunftsrecht<br \/>\nSie haben das jederzeitige Recht, sich unentgeltlich und unverz\u00fcglich \u00fcber die zu Ihrer Person erhobenen Daten zu erkundigen. Sie haben das jederzeitige Recht, Ihre Zustimmung zur Verwendung Ihrer angegeben pers\u00f6nlichen Daten mit Wirkung f\u00fcr die Zukunft zu widerrufen. Zur Auskunftserteilung wenden Sie sich bitte an den Anbieter unter den Kontaktdaten im Impressum.<\/p>\n","protected":false},"excerpt":{"rendered":"<p>Verantwortlich f\u00fcr den Inhalt (gem. \u00a7 55 Abs. 2 RStV): SKANDIX AG Richtersh\u00f6he 6 38729 Langelsheim Tel. 05383 &#8211; 96 00 96 eMail: info@skandix.de Firmenangaben Vorstand: Matthias Volk Handelsregister: Amtsgericht Braunschweig HRB 111264 USt-Identnummer: DE 811 674 916 SKANDIX\u00ae und SKANDIX Classic\u00ae sind eingetragene Marken Disclaimer \u2013 rechtliche Hinweise \u00a7 1 Haftungsbeschr\u00e4nkung Die Inhalte dieser [&hellip;]<\/p>\n","protected":false},"author":1,"featured_media":0,"parent":0,"menu_order":0,"comment_status":"closed","ping_status":"closed","template":"","meta":{"footnotes":""},"class_list":["post-957","page","type-page","status-publish","hentry"],"yoast_head":"<!-- This site is optimized with the Yoast SEO plugin v27.0 - https:\/\/yoast.com\/product\/yoast-seo-wordpress\/ -->\n<title>Impressum - J\u00e4gerhaus Sehlde<\/title>\n<meta name=\"robots\" content=\"index, follow, max-snippet:-1, max-image-preview:large, max-video-preview:-1\" \/>\n<link rel=\"canonical\" href=\"https:\/\/www.jaegerhaus-sehlde.de\/?page_id=957\" \/>\n<meta property=\"og:locale\" content=\"de_DE\" \/>\n<meta property=\"og:type\" content=\"article\" \/>\n<meta property=\"og:title\" content=\"Impressum - J\u00e4gerhaus Sehlde\" \/>\n<meta property=\"og:description\" content=\"Verantwortlich f\u00fcr den Inhalt (gem. \u00a7 55 Abs. 2 RStV): SKANDIX AG Richtersh\u00f6he 6 38729 Langelsheim Tel. 05383 &#8211; 96 00 96 eMail: info@skandix.de Firmenangaben Vorstand: Matthias Volk Handelsregister: Amtsgericht Braunschweig HRB 111264 USt-Identnummer: DE 811 674 916 SKANDIX\u00ae und SKANDIX Classic\u00ae sind eingetragene Marken Disclaimer \u2013 rechtliche Hinweise \u00a7 1 Haftungsbeschr\u00e4nkung Die Inhalte dieser [&hellip;]\" \/>\n<meta property=\"og:url\" content=\"https:\/\/www.jaegerhaus-sehlde.de\/?page_id=957\" \/>\n<meta property=\"og:site_name\" content=\"J\u00e4gerhaus Sehlde\" \/>\n<meta property=\"article:publisher\" content=\"https:\/\/www.facebook.com\/JaegerhausSehlde\/\" \/>\n<meta property=\"article:modified_time\" content=\"2022-08-26T13:07:54+00:00\" \/>\n<meta name=\"twitter:card\" content=\"summary_large_image\" \/>\n<meta name=\"twitter:label1\" content=\"Gesch\u00e4tzte Lesezeit\" \/>\n\t<meta name=\"twitter:data1\" content=\"7\u00a0Minuten\" \/>\n<script type=\"application\/ld+json\" class=\"yoast-schema-graph\">{\"@context\":\"https:\/\/schema.org\",\"@graph\":[{\"@type\":\"WebPage\",\"@id\":\"https:\/\/www.jaegerhaus-sehlde.de\/?page_id=957\",\"url\":\"https:\/\/www.jaegerhaus-sehlde.de\/?page_id=957\",\"name\":\"Impressum - J\u00e4gerhaus Sehlde\",\"isPartOf\":{\"@id\":\"https:\/\/www.jaegerhaus-sehlde.de\/#website\"},\"datePublished\":\"2016-12-14T11:19:05+00:00\",\"dateModified\":\"2022-08-26T13:07:54+00:00\",\"breadcrumb\":{\"@id\":\"https:\/\/www.jaegerhaus-sehlde.de\/?page_id=957#breadcrumb\"},\"inLanguage\":\"de\",\"potentialAction\":[{\"@type\":\"ReadAction\",\"target\":[\"https:\/\/www.jaegerhaus-sehlde.de\/?page_id=957\"]}]},{\"@type\":\"BreadcrumbList\",\"@id\":\"https:\/\/www.jaegerhaus-sehlde.de\/?page_id=957#breadcrumb\",\"itemListElement\":[{\"@type\":\"ListItem\",\"position\":1,\"name\":\"Startseite\",\"item\":\"https:\/\/www.jaegerhaus-sehlde.de\/\"},{\"@type\":\"ListItem\",\"position\":2,\"name\":\"Impressum\"}]},{\"@type\":\"WebSite\",\"@id\":\"https:\/\/www.jaegerhaus-sehlde.de\/#website\",\"url\":\"https:\/\/www.jaegerhaus-sehlde.de\/\",\"name\":\"J\u00e4gerhaus Sehlde\",\"description\":\"\",\"publisher\":{\"@id\":\"https:\/\/www.jaegerhaus-sehlde.de\/#organization\"},\"potentialAction\":[{\"@type\":\"SearchAction\",\"target\":{\"@type\":\"EntryPoint\",\"urlTemplate\":\"https:\/\/www.jaegerhaus-sehlde.de\/?s={search_term_string}\"},\"query-input\":{\"@type\":\"PropertyValueSpecification\",\"valueRequired\":true,\"valueName\":\"search_term_string\"}}],\"inLanguage\":\"de\"},{\"@type\":\"Organization\",\"@id\":\"https:\/\/www.jaegerhaus-sehlde.de\/#organization\",\"name\":\"J\u00e4gerhaus Sehlde\",\"url\":\"https:\/\/www.jaegerhaus-sehlde.de\/\",\"logo\":{\"@type\":\"ImageObject\",\"inLanguage\":\"de\",\"@id\":\"https:\/\/www.jaegerhaus-sehlde.de\/#\/schema\/logo\/image\/\",\"url\":\"https:\/\/www.jaegerhaus-sehlde.de\/wp-content\/uploads\/2022\/03\/logo_ligthgreen.png\",\"contentUrl\":\"https:\/\/www.jaegerhaus-sehlde.de\/wp-content\/uploads\/2022\/03\/logo_ligthgreen.png\",\"width\":1499,\"height\":493,\"caption\":\"J\u00e4gerhaus Sehlde\"},\"image\":{\"@id\":\"https:\/\/www.jaegerhaus-sehlde.de\/#\/schema\/logo\/image\/\"},\"sameAs\":[\"https:\/\/www.facebook.com\/JaegerhausSehlde\/\",\"https:\/\/www.instagram.com\/jaegerhaus_sehlde\/\"]}]}<\/script>\n<!-- \/ Yoast SEO plugin. -->","yoast_head_json":{"title":"Impressum - J\u00e4gerhaus Sehlde","robots":{"index":"index","follow":"follow","max-snippet":"max-snippet:-1","max-image-preview":"max-image-preview:large","max-video-preview":"max-video-preview:-1"},"canonical":"https:\/\/www.jaegerhaus-sehlde.de\/?page_id=957","og_locale":"de_DE","og_type":"article","og_title":"Impressum - J\u00e4gerhaus Sehlde","og_description":"Verantwortlich f\u00fcr den Inhalt (gem. \u00a7 55 Abs. 2 RStV): SKANDIX AG Richtersh\u00f6he 6 38729 Langelsheim Tel. 05383 &#8211; 96 00 96 eMail: info@skandix.de Firmenangaben Vorstand: Matthias Volk Handelsregister: Amtsgericht Braunschweig HRB 111264 USt-Identnummer: DE 811 674 916 SKANDIX\u00ae und SKANDIX Classic\u00ae sind eingetragene Marken Disclaimer \u2013 rechtliche Hinweise \u00a7 1 Haftungsbeschr\u00e4nkung Die Inhalte dieser [&hellip;]","og_url":"https:\/\/www.jaegerhaus-sehlde.de\/?page_id=957","og_site_name":"J\u00e4gerhaus Sehlde","article_publisher":"https:\/\/www.facebook.com\/JaegerhausSehlde\/","article_modified_time":"2022-08-26T13:07:54+00:00","twitter_card":"summary_large_image","twitter_misc":{"Gesch\u00e4tzte Lesezeit":"7\u00a0Minuten"},"schema":{"@context":"https:\/\/schema.org","@graph":[{"@type":"WebPage","@id":"https:\/\/www.jaegerhaus-sehlde.de\/?page_id=957","url":"https:\/\/www.jaegerhaus-sehlde.de\/?page_id=957","name":"Impressum - J\u00e4gerhaus Sehlde","isPartOf":{"@id":"https:\/\/www.jaegerhaus-sehlde.de\/#website"},"datePublished":"2016-12-14T11:19:05+00:00","dateModified":"2022-08-26T13:07:54+00:00","breadcrumb":{"@id":"https:\/\/www.jaegerhaus-sehlde.de\/?page_id=957#breadcrumb"},"inLanguage":"de","potentialAction":[{"@type":"ReadAction","target":["https:\/\/www.jaegerhaus-sehlde.de\/?page_id=957"]}]},{"@type":"BreadcrumbList","@id":"https:\/\/www.jaegerhaus-sehlde.de\/?page_id=957#breadcrumb","itemListElement":[{"@type":"ListItem","position":1,"name":"Startseite","item":"https:\/\/www.jaegerhaus-sehlde.de\/"},{"@type":"ListItem","position":2,"name":"Impressum"}]},{"@type":"WebSite","@id":"https:\/\/www.jaegerhaus-sehlde.de\/#website","url":"https:\/\/www.jaegerhaus-sehlde.de\/","name":"J\u00e4gerhaus Sehlde","description":"","publisher":{"@id":"https:\/\/www.jaegerhaus-sehlde.de\/#organization"},"potentialAction":[{"@type":"SearchAction","target":{"@type":"EntryPoint","urlTemplate":"https:\/\/www.jaegerhaus-sehlde.de\/?s={search_term_string}"},"query-input":{"@type":"PropertyValueSpecification","valueRequired":true,"valueName":"search_term_string"}}],"inLanguage":"de"},{"@type":"Organization","@id":"https:\/\/www.jaegerhaus-sehlde.de\/#organization","name":"J\u00e4gerhaus Sehlde","url":"https:\/\/www.jaegerhaus-sehlde.de\/","logo":{"@type":"ImageObject","inLanguage":"de","@id":"https:\/\/www.jaegerhaus-sehlde.de\/#\/schema\/logo\/image\/","url":"https:\/\/www.jaegerhaus-sehlde.de\/wp-content\/uploads\/2022\/03\/logo_ligthgreen.png","contentUrl":"https:\/\/www.jaegerhaus-sehlde.de\/wp-content\/uploads\/2022\/03\/logo_ligthgreen.png","width":1499,"height":493,"caption":"J\u00e4gerhaus Sehlde"},"image":{"@id":"https:\/\/www.jaegerhaus-sehlde.de\/#\/schema\/logo\/image\/"},"sameAs":["https:\/\/www.facebook.com\/JaegerhausSehlde\/","https:\/\/www.instagram.com\/jaegerhaus_sehlde\/"]}]}},"rttpg_featured_image_url":null,"rttpg_author":{"display_name":"Administrator","author_link":"https:\/\/www.jaegerhaus-sehlde.de\/?author=1"},"rttpg_comment":0,"rttpg_category":null,"rttpg_excerpt":"Verantwortlich f\u00fcr den Inhalt (gem. \u00a7 55 Abs. 2 RStV): SKANDIX AG Richtersh\u00f6he 6 38729 Langelsheim Tel. 05383 &#8211; 96 00 96 eMail: info@skandix.de Firmenangaben Vorstand: Matthias Volk Handelsregister: Amtsgericht Braunschweig HRB 111264 USt-Identnummer: DE 811 674 916 SKANDIX\u00ae und SKANDIX Classic\u00ae sind eingetragene Marken Disclaimer \u2013 rechtliche Hinweise \u00a7 1 Haftungsbeschr\u00e4nkung Die Inhalte dieser&hellip;","_links":{"self":[{"href":"https:\/\/www.jaegerhaus-sehlde.de\/index.php?rest_route=\/wp\/v2\/pages\/957","targetHints":{"allow":["GET"]}}],"collection":[{"href":"https:\/\/www.jaegerhaus-sehlde.de\/index.php?rest_route=\/wp\/v2\/pages"}],"about":[{"href":"https:\/\/www.jaegerhaus-sehlde.de\/index.php?rest_route=\/wp\/v2\/types\/page"}],"author":[{"embeddable":true,"href":"https:\/\/www.jaegerhaus-sehlde.de\/index.php?rest_route=\/wp\/v2\/users\/1"}],"replies":[{"embeddable":true,"href":"https:\/\/www.jaegerhaus-sehlde.de\/index.php?rest_route=%2Fwp%2Fv2%2Fcomments&post=957"}],"version-history":[{"count":6,"href":"https:\/\/www.jaegerhaus-sehlde.de\/index.php?rest_route=\/wp\/v2\/pages\/957\/revisions"}],"predecessor-version":[{"id":1967,"href":"https:\/\/www.jaegerhaus-sehlde.de\/index.php?rest_route=\/wp\/v2\/pages\/957\/revisions\/1967"}],"wp:attachment":[{"href":"https:\/\/www.jaegerhaus-sehlde.de\/index.php?rest_route=%2Fwp%2Fv2%2Fmedia&parent=957"}],"curies":[{"name":"wp","href":"https:\/\/api.w.org\/{rel}","templated":true}]}}