{"id":2279,"date":"2025-05-21T13:41:52","date_gmt":"2025-05-21T11:41:52","guid":{"rendered":"https:\/\/www.jaegerhaus-sehlde.de\/?page_id=2279"},"modified":"2025-05-23T11:06:13","modified_gmt":"2025-05-23T09:06:13","slug":"virtueller-rundgang","status":"publish","type":"page","link":"https:\/\/www.jaegerhaus-sehlde.de\/?page_id=2279","title":{"rendered":"Virtueller 360\u00b0 Rundgang"},"content":{"rendered":"\n<p><strong>Entdecken Sie das J\u00e4gerhaus schon vor Ihrem pers\u00f6nlichen Besuch<\/strong><br>Ob unterwegs auf dem Smartphone oder ganz entspannt am Computer zuhause \u2013 mit unserem virtuellen 360\u00b0 Rundgang werfen Sie einen interaktiven Blick in unsere R\u00e4umlichkeiten. Erkunden Sie auch das idyllische Au\u00dfengel\u00e4nde mitten im Wald und gewinnen Sie einen Eindruck von der einzigartigen Atmosph\u00e4re und Lage. <br><br><br><\/p>\n\n\n\n<iframe loading=\"lazy\" id=\"auto-iframe\" name=\"auto-iframe\" src=\"https:\/\/www.jaegerhaus-sehlde.de\/touren\/2\/\" width=\"100%\" height=\"600\" frameborder=\"0\" scrolling=\"no\"><\/iframe>\n\n\n\n<p><\/p>\n","protected":false},"excerpt":{"rendered":"<p>Entdecken Sie das J\u00e4gerhaus schon vor Ihrem pers\u00f6nlichen BesuchOb unterwegs auf dem Smartphone oder ganz entspannt am Computer zuhause \u2013 mit unserem virtuellen 360\u00b0 Rundgang werfen Sie einen interaktiven Blick in unsere R\u00e4umlichkeiten. Erkunden Sie auch das idyllische Au\u00dfengel\u00e4nde mitten im Wald und gewinnen Sie einen Eindruck von der einzigartigen Atmosph\u00e4re und Lage.<\/p>\n","protected":false},"author":1,"featured_media":0,"parent":0,"menu_order":0,"comment_status":"closed","ping_status":"closed","template":"","meta":{"footnotes":""},"class_list":["post-2279","page","type-page","status-publish","hentry"],"yoast_head":"<!-- This site is optimized with the Yoast SEO plugin v27.0 - https:\/\/yoast.com\/product\/yoast-seo-wordpress\/ -->\n<title>Virtueller 360\u00b0 Rundgang - J\u00e4gerhaus Sehlde<\/title>\n<meta name=\"robots\" content=\"index, follow, max-snippet:-1, max-image-preview:large, max-video-preview:-1\" \/>\n<link rel=\"canonical\" href=\"https:\/\/www.jaegerhaus-sehlde.de\/?page_id=2279\" \/>\n<meta property=\"og:locale\" content=\"de_DE\" \/>\n<meta property=\"og:type\" content=\"article\" \/>\n<meta property=\"og:title\" content=\"Virtueller 360\u00b0 Rundgang - J\u00e4gerhaus Sehlde\" \/>\n<meta property=\"og:description\" content=\"Entdecken Sie das J\u00e4gerhaus schon vor Ihrem pers\u00f6nlichen BesuchOb unterwegs auf dem Smartphone oder ganz entspannt am Computer zuhause \u2013 mit unserem virtuellen 360\u00b0 Rundgang werfen Sie einen interaktiven Blick in unsere R\u00e4umlichkeiten. Erkunden Sie auch das idyllische Au\u00dfengel\u00e4nde mitten im Wald und gewinnen Sie einen Eindruck von der einzigartigen Atmosph\u00e4re und Lage.\" \/>\n<meta property=\"og:url\" content=\"https:\/\/www.jaegerhaus-sehlde.de\/?page_id=2279\" \/>\n<meta property=\"og:site_name\" content=\"J\u00e4gerhaus Sehlde\" \/>\n<meta property=\"article:publisher\" content=\"https:\/\/www.facebook.com\/JaegerhausSehlde\/\" \/>\n<meta property=\"article:modified_time\" content=\"2025-05-23T09:06:13+00:00\" \/>\n<meta name=\"twitter:card\" content=\"summary_large_image\" \/>\n<meta name=\"twitter:label1\" content=\"Gesch\u00e4tzte Lesezeit\" \/>\n\t<meta name=\"twitter:data1\" content=\"1\u00a0Minute\" \/>\n<script type=\"application\/ld+json\" class=\"yoast-schema-graph\">{\"@context\":\"https:\/\/schema.org\",\"@graph\":[{\"@type\":\"WebPage\",\"@id\":\"https:\/\/www.jaegerhaus-sehlde.de\/?page_id=2279\",\"url\":\"https:\/\/www.jaegerhaus-sehlde.de\/?page_id=2279\",\"name\":\"Virtueller 360\u00b0 Rundgang - J\u00e4gerhaus Sehlde\",\"isPartOf\":{\"@id\":\"https:\/\/www.jaegerhaus-sehlde.de\/#website\"},\"datePublished\":\"2025-05-21T11:41:52+00:00\",\"dateModified\":\"2025-05-23T09:06:13+00:00\",\"breadcrumb\":{\"@id\":\"https:\/\/www.jaegerhaus-sehlde.de\/?page_id=2279#breadcrumb\"},\"inLanguage\":\"de\",\"potentialAction\":[{\"@type\":\"ReadAction\",\"target\":[\"https:\/\/www.jaegerhaus-sehlde.de\/?page_id=2279\"]}]},{\"@type\":\"BreadcrumbList\",\"@id\":\"https:\/\/www.jaegerhaus-sehlde.de\/?page_id=2279#breadcrumb\",\"itemListElement\":[{\"@type\":\"ListItem\",\"position\":1,\"name\":\"Startseite\",\"item\":\"https:\/\/www.jaegerhaus-sehlde.de\/\"},{\"@type\":\"ListItem\",\"position\":2,\"name\":\"Virtueller 360\u00b0 Rundgang\"}]},{\"@type\":\"WebSite\",\"@id\":\"https:\/\/www.jaegerhaus-sehlde.de\/#website\",\"url\":\"https:\/\/www.jaegerhaus-sehlde.de\/\",\"name\":\"J\u00e4gerhaus Sehlde\",\"description\":\"\",\"publisher\":{\"@id\":\"https:\/\/www.jaegerhaus-sehlde.de\/#organization\"},\"potentialAction\":[{\"@type\":\"SearchAction\",\"target\":{\"@type\":\"EntryPoint\",\"urlTemplate\":\"https:\/\/www.jaegerhaus-sehlde.de\/?s={search_term_string}\"},\"query-input\":{\"@type\":\"PropertyValueSpecification\",\"valueRequired\":true,\"valueName\":\"search_term_string\"}}],\"inLanguage\":\"de\"},{\"@type\":\"Organization\",\"@id\":\"https:\/\/www.jaegerhaus-sehlde.de\/#organization\",\"name\":\"J\u00e4gerhaus Sehlde\",\"url\":\"https:\/\/www.jaegerhaus-sehlde.de\/\",\"logo\":{\"@type\":\"ImageObject\",\"inLanguage\":\"de\",\"@id\":\"https:\/\/www.jaegerhaus-sehlde.de\/#\/schema\/logo\/image\/\",\"url\":\"https:\/\/www.jaegerhaus-sehlde.de\/wp-content\/uploads\/2022\/03\/logo_ligthgreen.png\",\"contentUrl\":\"https:\/\/www.jaegerhaus-sehlde.de\/wp-content\/uploads\/2022\/03\/logo_ligthgreen.png\",\"width\":1499,\"height\":493,\"caption\":\"J\u00e4gerhaus Sehlde\"},\"image\":{\"@id\":\"https:\/\/www.jaegerhaus-sehlde.de\/#\/schema\/logo\/image\/\"},\"sameAs\":[\"https:\/\/www.facebook.com\/JaegerhausSehlde\/\",\"https:\/\/www.instagram.com\/jaegerhaus_sehlde\/\"]}]}<\/script>\n<!-- \/ Yoast SEO plugin. -->","yoast_head_json":{"title":"Virtueller 360\u00b0 Rundgang - J\u00e4gerhaus Sehlde","robots":{"index":"index","follow":"follow","max-snippet":"max-snippet:-1","max-image-preview":"max-image-preview:large","max-video-preview":"max-video-preview:-1"},"canonical":"https:\/\/www.jaegerhaus-sehlde.de\/?page_id=2279","og_locale":"de_DE","og_type":"article","og_title":"Virtueller 360\u00b0 Rundgang - J\u00e4gerhaus Sehlde","og_description":"Entdecken Sie das J\u00e4gerhaus schon vor Ihrem pers\u00f6nlichen BesuchOb unterwegs auf dem Smartphone oder ganz entspannt am Computer zuhause \u2013 mit unserem virtuellen 360\u00b0 Rundgang werfen Sie einen interaktiven Blick in unsere R\u00e4umlichkeiten. Erkunden Sie auch das idyllische Au\u00dfengel\u00e4nde mitten im Wald und gewinnen Sie einen Eindruck von der einzigartigen Atmosph\u00e4re und Lage.","og_url":"https:\/\/www.jaegerhaus-sehlde.de\/?page_id=2279","og_site_name":"J\u00e4gerhaus Sehlde","article_publisher":"https:\/\/www.facebook.com\/JaegerhausSehlde\/","article_modified_time":"2025-05-23T09:06:13+00:00","twitter_card":"summary_large_image","twitter_misc":{"Gesch\u00e4tzte Lesezeit":"1\u00a0Minute"},"schema":{"@context":"https:\/\/schema.org","@graph":[{"@type":"WebPage","@id":"https:\/\/www.jaegerhaus-sehlde.de\/?page_id=2279","url":"https:\/\/www.jaegerhaus-sehlde.de\/?page_id=2279","name":"Virtueller 360\u00b0 Rundgang - J\u00e4gerhaus Sehlde","isPartOf":{"@id":"https:\/\/www.jaegerhaus-sehlde.de\/#website"},"datePublished":"2025-05-21T11:41:52+00:00","dateModified":"2025-05-23T09:06:13+00:00","breadcrumb":{"@id":"https:\/\/www.jaegerhaus-sehlde.de\/?page_id=2279#breadcrumb"},"inLanguage":"de","potentialAction":[{"@type":"ReadAction","target":["https:\/\/www.jaegerhaus-sehlde.de\/?page_id=2279"]}]},{"@type":"BreadcrumbList","@id":"https:\/\/www.jaegerhaus-sehlde.de\/?page_id=2279#breadcrumb","itemListElement":[{"@type":"ListItem","position":1,"name":"Startseite","item":"https:\/\/www.jaegerhaus-sehlde.de\/"},{"@type":"ListItem","position":2,"name":"Virtueller 360\u00b0 Rundgang"}]},{"@type":"WebSite","@id":"https:\/\/www.jaegerhaus-sehlde.de\/#website","url":"https:\/\/www.jaegerhaus-sehlde.de\/","name":"J\u00e4gerhaus Sehlde","description":"","publisher":{"@id":"https:\/\/www.jaegerhaus-sehlde.de\/#organization"},"potentialAction":[{"@type":"SearchAction","target":{"@type":"EntryPoint","urlTemplate":"https:\/\/www.jaegerhaus-sehlde.de\/?s={search_term_string}"},"query-input":{"@type":"PropertyValueSpecification","valueRequired":true,"valueName":"search_term_string"}}],"inLanguage":"de"},{"@type":"Organization","@id":"https:\/\/www.jaegerhaus-sehlde.de\/#organization","name":"J\u00e4gerhaus Sehlde","url":"https:\/\/www.jaegerhaus-sehlde.de\/","logo":{"@type":"ImageObject","inLanguage":"de","@id":"https:\/\/www.jaegerhaus-sehlde.de\/#\/schema\/logo\/image\/","url":"https:\/\/www.jaegerhaus-sehlde.de\/wp-content\/uploads\/2022\/03\/logo_ligthgreen.png","contentUrl":"https:\/\/www.jaegerhaus-sehlde.de\/wp-content\/uploads\/2022\/03\/logo_ligthgreen.png","width":1499,"height":493,"caption":"J\u00e4gerhaus Sehlde"},"image":{"@id":"https:\/\/www.jaegerhaus-sehlde.de\/#\/schema\/logo\/image\/"},"sameAs":["https:\/\/www.facebook.com\/JaegerhausSehlde\/","https:\/\/www.instagram.com\/jaegerhaus_sehlde\/"]}]}},"rttpg_featured_image_url":null,"rttpg_author":{"display_name":"Administrator","author_link":"https:\/\/www.jaegerhaus-sehlde.de\/?author=1"},"rttpg_comment":0,"rttpg_category":null,"rttpg_excerpt":"Entdecken Sie das J\u00e4gerhaus schon vor Ihrem pers\u00f6nlichen BesuchOb unterwegs auf dem Smartphone oder ganz entspannt am Computer zuhause \u2013 mit unserem virtuellen 360\u00b0 Rundgang werfen Sie einen interaktiven Blick in unsere R\u00e4umlichkeiten. Erkunden Sie auch das idyllische Au\u00dfengel\u00e4nde mitten im Wald und gewinnen Sie einen Eindruck von der einzigartigen Atmosph\u00e4re und Lage.","_links":{"self":[{"href":"https:\/\/www.jaegerhaus-sehlde.de\/index.php?rest_route=\/wp\/v2\/pages\/2279","targetHints":{"allow":["GET"]}}],"collection":[{"href":"https:\/\/www.jaegerhaus-sehlde.de\/index.php?rest_route=\/wp\/v2\/pages"}],"about":[{"href":"https:\/\/www.jaegerhaus-sehlde.de\/index.php?rest_route=\/wp\/v2\/types\/page"}],"author":[{"embeddable":true,"href":"https:\/\/www.jaegerhaus-sehlde.de\/index.php?rest_route=\/wp\/v2\/users\/1"}],"replies":[{"embeddable":true,"href":"https:\/\/www.jaegerhaus-sehlde.de\/index.php?rest_route=%2Fwp%2Fv2%2Fcomments&post=2279"}],"version-history":[{"count":18,"href":"https:\/\/www.jaegerhaus-sehlde.de\/index.php?rest_route=\/wp\/v2\/pages\/2279\/revisions"}],"predecessor-version":[{"id":2301,"href":"https:\/\/www.jaegerhaus-sehlde.de\/index.php?rest_route=\/wp\/v2\/pages\/2279\/revisions\/2301"}],"wp:attachment":[{"href":"https:\/\/www.jaegerhaus-sehlde.de\/index.php?rest_route=%2Fwp%2Fv2%2Fmedia&parent=2279"}],"curies":[{"name":"wp","href":"https:\/\/api.w.org\/{rel}","templated":true}]}}