{"id":2159,"date":"2024-08-21T14:53:15","date_gmt":"2024-08-21T12:53:15","guid":{"rendered":"https:\/\/www.jaegerhaus-sehlde.de\/?page_id=2159"},"modified":"2024-08-21T14:53:16","modified_gmt":"2024-08-21T12:53:16","slug":"datenschutz","status":"publish","type":"page","link":"https:\/\/www.jaegerhaus-sehlde.de\/?page_id=2159","title":{"rendered":"Datenschutz"},"content":{"rendered":"\n<h2 class=\"wp-block-heading\">Datenschutzerkl\u00e4rung<\/h2>\n\n\n\n<p>Den Schutz Ihrer pers\u00f6nlichen Daten nehmen wir sehr ernst. Nachstehend informieren wir Sie ausf\u00fchrlich \u00fcber den Umgang mit Ihren Daten.<\/p>\n\n\n\n<h3 class=\"wp-block-heading\">Verwendung von Cookies<\/h3>\n\n\n\n<p>Um den Besuch unserer Website attraktiv zu gestalten und die Nutzung bestimmter Funktionen zu erm\u00f6glichen, verwenden wir auf verschiedenen Seiten sogenannte Cookies. Hierbei handelt es sich um kleine Textdateien, die auf Ihrem Endger\u00e4t gespeichert werden. Einige der von uns verwendeten Cookies werden nach Ende der Browser-Sitzung, also nach Schlie\u00dfen Ihres Browsers, wieder gel\u00f6scht (sog. Sitzungs-Cookies). Andere Cookies verbleiben auf Ihrem Endger\u00e4t und erm\u00f6glichen uns, Ihren Browser beim n\u00e4chsten Besuch wiederzuerkennen (persistente Cookies).<\/p>\n\n\n\n<p>Sie k\u00f6nnen Ihren Browser so einstellen, dass Sie \u00fcber das Setzen von Cookies informiert werden und einzeln \u00fcber deren Annahme entscheiden oder die Annahme von Cookies f\u00fcr bestimmte F\u00e4lle oder generell ausschlie\u00dfen. Bei der Nichtannahme von Cookies kann die Funktionalit\u00e4t unserer Website eingeschr\u00e4nkt sein.<\/p>\n\n\n\n<h3 class=\"wp-block-heading\">Einsatz von Google Analytics zur Webanalyse<\/h3>\n\n\n\n<p>Diese Website benutzt Google (Universal) Analytics, einen Webanalysedienst der Google Inc. (www.google.de). Google (Universal) Analytics verwendet Methoden, die eine Analyse der Benutzung der Website durch Sie erm\u00f6glichen, wie zum Beispiel sog. \u201eCookies\u201c, Textdateien, die auf Ihrem Computer gespeichert werden. Die erzeugten Informationen \u00fcber Ihre Benutzung dieser Website werden in der Regel an einen Server von Google in den USA \u00fcbertragen und dort gespeichert. Durch die Aktivierung der IP-Anonymisierung auf dieser Webseite wird dabei die IP- Adresse vor der \u00dcbermittlung innerhalb der Mitgliedstaaten der Europ\u00e4ischen Union oder in anderen Vertragsstaaten des Abkommens \u00fcber den Europ\u00e4ischen Wirtschaftsraum gek\u00fcrzt. Nur in Ausnahmef\u00e4llen wird die volle IP-Adresse an einen Server von Google in den USA \u00fcbertragen und dort gek\u00fcrzt. Die im Rahmen von Google Analytics von Ihrem Browser \u00fcbermittelte anonymisierte IP-Adresse wird nicht mit anderen Daten von Google zusammengef\u00fchrt.<\/p>\n\n\n\n<p>Sie k\u00f6nnen die Erfassung der durch das Cookie erzeugten und auf Ihre Nutzung der Website bezogenen Daten (inkl. Ihrer IP-Adresse) an Google sowie die Verarbeitung dieser Daten durch Google verhindern, indem Sie das unter dem folgenden Link verf\u00fcgbare Browser-Plugin herunterladen und installieren:&nbsp;<a href=\"http:\/\/tools.google.com\/dlpage\/gaoptout?hl=de\" target=\"_blank\" rel=\"noreferrer noopener\">http:\/\/tools.google.com\/dlpage\/gaoptout?hl=de<\/a><\/p>\n\n\n\n<h3 class=\"wp-block-heading\">Verwendung von Empfehlungs-Buttons f\u00fcr Social Media Dienste<\/h3>\n\n\n\n<p>SKANDIX verwendet auf dieser Website sogenannte &#8222;Social Buttons&#8220;, mit denen das Teilen der besuchten Seite auf Sozialen Netzwerken oder Kommunikationsdiensten wie FaceBook, Twitter oder WhatsApp m\u00f6glich ist.<\/p>\n\n\n\n<p>Die Funktion ist datenschutzkonform umgesetzt. Es wird gew\u00e4hrleistet, dass nicht allein durch den Besuch einer Seite bereits Informationen an einen der Diensteanbieter \u00fcbermittelt werden. Erst wenn Sie einen Button anklicken, wird eine Eingabe-Maske beim jeweiligen Diensteanbieter mit dem Link und dem Titel der besuchten Seite vorbelegt. Diese k\u00f6nnen Sie dann in eigener Verantwortung mit Ihrem Social Media-Account absenden. SKANDIX zeichnet dabei keinerlei Informationen \u00fcber Ihre Verwendung der Buttons auf.<\/p>\n\n\n\n<h3 class=\"wp-block-heading\">Auskunftsrecht und Kontaktm\u00f6glichkeit<\/h3>\n\n\n\n<p>Sie haben ein Recht auf unentgeltliche Auskunft \u00fcber die bei uns zu Ihrer Person gespeicherten Daten sowie ggf. ein Recht auf Berichtigung, Sperrung oder L\u00f6schung dieser Daten. Bei Fragen zur Erhebung, Verarbeitung oder Nutzung Ihrer personenbezogenen Daten, bei Ausk\u00fcnften, Berichtigung, Sperrung oder L\u00f6schung von Daten sowie Widerruf erteilter Einwilligungen oder Widerspruch gegen eine bestimmte Datenverwendung wenden Sie sich bitte direkt an uns \u00fcber die Kontaktdaten in unserem\u00a0Impressum.<\/p>\n","protected":false},"excerpt":{"rendered":"<p>Datenschutzerkl\u00e4rung Den Schutz Ihrer pers\u00f6nlichen Daten nehmen wir sehr ernst. Nachstehend informieren wir Sie ausf\u00fchrlich \u00fcber den Umgang mit Ihren Daten. Verwendung von Cookies Um den Besuch unserer Website attraktiv zu gestalten und die Nutzung bestimmter Funktionen zu erm\u00f6glichen, verwenden wir auf verschiedenen Seiten sogenannte Cookies. Hierbei handelt es sich um kleine Textdateien, die auf [&hellip;]<\/p>\n","protected":false},"author":1,"featured_media":0,"parent":0,"menu_order":0,"comment_status":"closed","ping_status":"closed","template":"","meta":{"footnotes":""},"class_list":["post-2159","page","type-page","status-publish","hentry"],"yoast_head":"<!-- This site is optimized with the Yoast SEO plugin v27.0 - https:\/\/yoast.com\/product\/yoast-seo-wordpress\/ -->\n<title>Datenschutz - J\u00e4gerhaus Sehlde<\/title>\n<meta name=\"robots\" content=\"index, follow, max-snippet:-1, max-image-preview:large, max-video-preview:-1\" \/>\n<link rel=\"canonical\" href=\"https:\/\/www.jaegerhaus-sehlde.de\/?page_id=2159\" \/>\n<meta property=\"og:locale\" content=\"de_DE\" \/>\n<meta property=\"og:type\" content=\"article\" \/>\n<meta property=\"og:title\" content=\"Datenschutz - J\u00e4gerhaus Sehlde\" \/>\n<meta property=\"og:description\" content=\"Datenschutzerkl\u00e4rung Den Schutz Ihrer pers\u00f6nlichen Daten nehmen wir sehr ernst. Nachstehend informieren wir Sie ausf\u00fchrlich \u00fcber den Umgang mit Ihren Daten. Verwendung von Cookies Um den Besuch unserer Website attraktiv zu gestalten und die Nutzung bestimmter Funktionen zu erm\u00f6glichen, verwenden wir auf verschiedenen Seiten sogenannte Cookies. Hierbei handelt es sich um kleine Textdateien, die auf [&hellip;]\" \/>\n<meta property=\"og:url\" content=\"https:\/\/www.jaegerhaus-sehlde.de\/?page_id=2159\" \/>\n<meta property=\"og:site_name\" content=\"J\u00e4gerhaus Sehlde\" \/>\n<meta property=\"article:publisher\" content=\"https:\/\/www.facebook.com\/JaegerhausSehlde\/\" \/>\n<meta property=\"article:modified_time\" content=\"2024-08-21T12:53:16+00:00\" \/>\n<meta name=\"twitter:card\" content=\"summary_large_image\" \/>\n<meta name=\"twitter:label1\" content=\"Gesch\u00e4tzte Lesezeit\" \/>\n\t<meta name=\"twitter:data1\" content=\"3\u00a0Minuten\" \/>\n<script type=\"application\/ld+json\" class=\"yoast-schema-graph\">{\"@context\":\"https:\/\/schema.org\",\"@graph\":[{\"@type\":\"WebPage\",\"@id\":\"https:\/\/www.jaegerhaus-sehlde.de\/?page_id=2159\",\"url\":\"https:\/\/www.jaegerhaus-sehlde.de\/?page_id=2159\",\"name\":\"Datenschutz - J\u00e4gerhaus Sehlde\",\"isPartOf\":{\"@id\":\"https:\/\/www.jaegerhaus-sehlde.de\/#website\"},\"datePublished\":\"2024-08-21T12:53:15+00:00\",\"dateModified\":\"2024-08-21T12:53:16+00:00\",\"breadcrumb\":{\"@id\":\"https:\/\/www.jaegerhaus-sehlde.de\/?page_id=2159#breadcrumb\"},\"inLanguage\":\"de\",\"potentialAction\":[{\"@type\":\"ReadAction\",\"target\":[\"https:\/\/www.jaegerhaus-sehlde.de\/?page_id=2159\"]}]},{\"@type\":\"BreadcrumbList\",\"@id\":\"https:\/\/www.jaegerhaus-sehlde.de\/?page_id=2159#breadcrumb\",\"itemListElement\":[{\"@type\":\"ListItem\",\"position\":1,\"name\":\"Startseite\",\"item\":\"https:\/\/www.jaegerhaus-sehlde.de\/\"},{\"@type\":\"ListItem\",\"position\":2,\"name\":\"Datenschutz\"}]},{\"@type\":\"WebSite\",\"@id\":\"https:\/\/www.jaegerhaus-sehlde.de\/#website\",\"url\":\"https:\/\/www.jaegerhaus-sehlde.de\/\",\"name\":\"J\u00e4gerhaus Sehlde\",\"description\":\"\",\"publisher\":{\"@id\":\"https:\/\/www.jaegerhaus-sehlde.de\/#organization\"},\"potentialAction\":[{\"@type\":\"SearchAction\",\"target\":{\"@type\":\"EntryPoint\",\"urlTemplate\":\"https:\/\/www.jaegerhaus-sehlde.de\/?s={search_term_string}\"},\"query-input\":{\"@type\":\"PropertyValueSpecification\",\"valueRequired\":true,\"valueName\":\"search_term_string\"}}],\"inLanguage\":\"de\"},{\"@type\":\"Organization\",\"@id\":\"https:\/\/www.jaegerhaus-sehlde.de\/#organization\",\"name\":\"J\u00e4gerhaus Sehlde\",\"url\":\"https:\/\/www.jaegerhaus-sehlde.de\/\",\"logo\":{\"@type\":\"ImageObject\",\"inLanguage\":\"de\",\"@id\":\"https:\/\/www.jaegerhaus-sehlde.de\/#\/schema\/logo\/image\/\",\"url\":\"https:\/\/www.jaegerhaus-sehlde.de\/wp-content\/uploads\/2022\/03\/logo_ligthgreen.png\",\"contentUrl\":\"https:\/\/www.jaegerhaus-sehlde.de\/wp-content\/uploads\/2022\/03\/logo_ligthgreen.png\",\"width\":1499,\"height\":493,\"caption\":\"J\u00e4gerhaus Sehlde\"},\"image\":{\"@id\":\"https:\/\/www.jaegerhaus-sehlde.de\/#\/schema\/logo\/image\/\"},\"sameAs\":[\"https:\/\/www.facebook.com\/JaegerhausSehlde\/\",\"https:\/\/www.instagram.com\/jaegerhaus_sehlde\/\"]}]}<\/script>\n<!-- \/ Yoast SEO plugin. -->","yoast_head_json":{"title":"Datenschutz - J\u00e4gerhaus Sehlde","robots":{"index":"index","follow":"follow","max-snippet":"max-snippet:-1","max-image-preview":"max-image-preview:large","max-video-preview":"max-video-preview:-1"},"canonical":"https:\/\/www.jaegerhaus-sehlde.de\/?page_id=2159","og_locale":"de_DE","og_type":"article","og_title":"Datenschutz - J\u00e4gerhaus Sehlde","og_description":"Datenschutzerkl\u00e4rung Den Schutz Ihrer pers\u00f6nlichen Daten nehmen wir sehr ernst. Nachstehend informieren wir Sie ausf\u00fchrlich \u00fcber den Umgang mit Ihren Daten. Verwendung von Cookies Um den Besuch unserer Website attraktiv zu gestalten und die Nutzung bestimmter Funktionen zu erm\u00f6glichen, verwenden wir auf verschiedenen Seiten sogenannte Cookies. Hierbei handelt es sich um kleine Textdateien, die auf [&hellip;]","og_url":"https:\/\/www.jaegerhaus-sehlde.de\/?page_id=2159","og_site_name":"J\u00e4gerhaus Sehlde","article_publisher":"https:\/\/www.facebook.com\/JaegerhausSehlde\/","article_modified_time":"2024-08-21T12:53:16+00:00","twitter_card":"summary_large_image","twitter_misc":{"Gesch\u00e4tzte Lesezeit":"3\u00a0Minuten"},"schema":{"@context":"https:\/\/schema.org","@graph":[{"@type":"WebPage","@id":"https:\/\/www.jaegerhaus-sehlde.de\/?page_id=2159","url":"https:\/\/www.jaegerhaus-sehlde.de\/?page_id=2159","name":"Datenschutz - J\u00e4gerhaus Sehlde","isPartOf":{"@id":"https:\/\/www.jaegerhaus-sehlde.de\/#website"},"datePublished":"2024-08-21T12:53:15+00:00","dateModified":"2024-08-21T12:53:16+00:00","breadcrumb":{"@id":"https:\/\/www.jaegerhaus-sehlde.de\/?page_id=2159#breadcrumb"},"inLanguage":"de","potentialAction":[{"@type":"ReadAction","target":["https:\/\/www.jaegerhaus-sehlde.de\/?page_id=2159"]}]},{"@type":"BreadcrumbList","@id":"https:\/\/www.jaegerhaus-sehlde.de\/?page_id=2159#breadcrumb","itemListElement":[{"@type":"ListItem","position":1,"name":"Startseite","item":"https:\/\/www.jaegerhaus-sehlde.de\/"},{"@type":"ListItem","position":2,"name":"Datenschutz"}]},{"@type":"WebSite","@id":"https:\/\/www.jaegerhaus-sehlde.de\/#website","url":"https:\/\/www.jaegerhaus-sehlde.de\/","name":"J\u00e4gerhaus Sehlde","description":"","publisher":{"@id":"https:\/\/www.jaegerhaus-sehlde.de\/#organization"},"potentialAction":[{"@type":"SearchAction","target":{"@type":"EntryPoint","urlTemplate":"https:\/\/www.jaegerhaus-sehlde.de\/?s={search_term_string}"},"query-input":{"@type":"PropertyValueSpecification","valueRequired":true,"valueName":"search_term_string"}}],"inLanguage":"de"},{"@type":"Organization","@id":"https:\/\/www.jaegerhaus-sehlde.de\/#organization","name":"J\u00e4gerhaus Sehlde","url":"https:\/\/www.jaegerhaus-sehlde.de\/","logo":{"@type":"ImageObject","inLanguage":"de","@id":"https:\/\/www.jaegerhaus-sehlde.de\/#\/schema\/logo\/image\/","url":"https:\/\/www.jaegerhaus-sehlde.de\/wp-content\/uploads\/2022\/03\/logo_ligthgreen.png","contentUrl":"https:\/\/www.jaegerhaus-sehlde.de\/wp-content\/uploads\/2022\/03\/logo_ligthgreen.png","width":1499,"height":493,"caption":"J\u00e4gerhaus Sehlde"},"image":{"@id":"https:\/\/www.jaegerhaus-sehlde.de\/#\/schema\/logo\/image\/"},"sameAs":["https:\/\/www.facebook.com\/JaegerhausSehlde\/","https:\/\/www.instagram.com\/jaegerhaus_sehlde\/"]}]}},"rttpg_featured_image_url":null,"rttpg_author":{"display_name":"Administrator","author_link":"https:\/\/www.jaegerhaus-sehlde.de\/?author=1"},"rttpg_comment":0,"rttpg_category":null,"rttpg_excerpt":"Datenschutzerkl\u00e4rung Den Schutz Ihrer pers\u00f6nlichen Daten nehmen wir sehr ernst. Nachstehend informieren wir Sie ausf\u00fchrlich \u00fcber den Umgang mit Ihren Daten. Verwendung von Cookies Um den Besuch unserer Website attraktiv zu gestalten und die Nutzung bestimmter Funktionen zu erm\u00f6glichen, verwenden wir auf verschiedenen Seiten sogenannte Cookies. Hierbei handelt es sich um kleine Textdateien, die auf&hellip;","_links":{"self":[{"href":"https:\/\/www.jaegerhaus-sehlde.de\/index.php?rest_route=\/wp\/v2\/pages\/2159","targetHints":{"allow":["GET"]}}],"collection":[{"href":"https:\/\/www.jaegerhaus-sehlde.de\/index.php?rest_route=\/wp\/v2\/pages"}],"about":[{"href":"https:\/\/www.jaegerhaus-sehlde.de\/index.php?rest_route=\/wp\/v2\/types\/page"}],"author":[{"embeddable":true,"href":"https:\/\/www.jaegerhaus-sehlde.de\/index.php?rest_route=\/wp\/v2\/users\/1"}],"replies":[{"embeddable":true,"href":"https:\/\/www.jaegerhaus-sehlde.de\/index.php?rest_route=%2Fwp%2Fv2%2Fcomments&post=2159"}],"version-history":[{"count":2,"href":"https:\/\/www.jaegerhaus-sehlde.de\/index.php?rest_route=\/wp\/v2\/pages\/2159\/revisions"}],"predecessor-version":[{"id":2161,"href":"https:\/\/www.jaegerhaus-sehlde.de\/index.php?rest_route=\/wp\/v2\/pages\/2159\/revisions\/2161"}],"wp:attachment":[{"href":"https:\/\/www.jaegerhaus-sehlde.de\/index.php?rest_route=%2Fwp%2Fv2%2Fmedia&parent=2159"}],"curies":[{"name":"wp","href":"https:\/\/api.w.org\/{rel}","templated":true}]}}