{"id":1272,"date":"2018-10-17T11:55:27","date_gmt":"2018-10-17T09:55:27","guid":{"rendered":"http:\/\/www.jaegerhaus-sehlde.de\/?page_id=1272"},"modified":"2025-09-08T11:14:35","modified_gmt":"2025-09-08T09:14:35","slug":"veranstaltungen","status":"publish","type":"page","link":"https:\/\/www.jaegerhaus-sehlde.de\/?page_id=1272","title":{"rendered":"Veranstaltungen"},"content":{"rendered":"\n<p>Das J\u00e4gerhaus steht zum <a href=\"https:\/\/www.jaegerhaus-sehlde.de\/?page_id=47\">Mieten f\u00fcr Feiern und Veranstaltungen<\/a> zur Verf\u00fcgung. Eine dauerhafte Bewirtschaftung mit regelm\u00e4\u00dfigen \u00d6ffnungszeiten ist zurzeit nicht geplant.<br><br><br><\/p>\n\n\n<style type='text\/css' media='all'>#rt-tpg-container-2618635263 .rt-holder .rt-woo-info .price{color:#0a0000;}body .rt-tpg-container .rt-tpg-isotope-buttons .selected,\n\t\t\t\t\t#rt-tpg-container-2618635263 .layout12 .rt-holder:hover .rt-detail,\n\t\t\t\t\t#rt-tpg-container-2618635263 .isotope8 .rt-holder:hover .rt-detail,\n\t\t\t\t\t#rt-tpg-container-2618635263 .carousel8 .rt-holder:hover .rt-detail,\n\t\t\t\t\t#rt-tpg-container-2618635263 .layout13 .rt-holder .overlay .post-info,\n\t\t\t\t\t#rt-tpg-container-2618635263 .isotope9 .rt-holder .overlay .post-info,\n\t\t\t\t\t#rt-tpg-container-2618635263.rt-tpg-container .layout4 .rt-holder .rt-detail,\n\t\t\t\t\t.rt-modal-2618635263 .md-content,\n\t\t\t\t\t.rt-modal-2618635263 .md-content > .rt-md-content-holder .rt-md-content,\n\t\t\t\t\t.rt-popup-wrap-2618635263.rt-popup-wrap .rt-popup-navigation-wrap,\n\t\t\t\t\t#rt-tpg-container-2618635263 .carousel9 .rt-holder .overlay .post-info{background-color:#0a0000;}#rt-tpg-container-2618635263 .layout5 .rt-holder .overlay, #rt-tpg-container-2618635263 .isotope2 .rt-holder .overlay, #rt-tpg-container-2618635263 .carousel2 .rt-holder .overlay,#rt-tpg-container-2618635263 .layout15 .rt-holder h3, #rt-tpg-container-2618635263 .isotope11 .rt-holder h3, #rt-tpg-container-2618635263 .carousel11 .rt-holder h3, #rt-tpg-container-2618635263 .layout16 .rt-holder h3,\n\t\t\t\t\t#rt-tpg-container-2618635263 .isotope12 .rt-holder h3, #rt-tpg-container-2618635263 .carousel12 .rt-holder h3 {background-color:rgba(10,0,0,0.8);}#rt-tpg-container-2618635263 .pagination-list li a,\n\t\t\t\t\t#rt-tpg-container-2618635263 .pagination li a,\n\t\t\t\t\t#rt-tpg-container-2618635263 .rt-tpg-isotope-buttons button,\n\t\t\t\t\t#rt-tpg-container-2618635263 .rt-holder .read-more a,\n\t\t\t\t\t#rt-tpg-container-2618635263 .rt-tpg-utility .rt-tpg-load-more button,\n\t\t\t\t\t#rt-tpg-container-2618635263.rt-tpg-container .swiper-navigation .slider-btn,\n\t\t\t\t\t#rt-tpg-container-2618635263 .wc1 .rt-holder .rt-img-holder .overlay .product-more ul li a,\n\t\t\t\t\t#rt-tpg-container-2618635263 .edd1 .rt-holder .rt-img-holder .overlay .product-more ul li a,\n\t\t\t\t\t#rt-tpg-container-2618635263 .wc2 .rt-detail .rt-wc-add-to-cart,\n\t\t\t\t\t#rt-tpg-container-2618635263 .wc3 .rt-detail .rt-wc-add-to-cart,\n\t\t\t\t\t#rt-tpg-container-2618635263 .edd2 .rt-detail .rt-wc-add-to-cart,\n\t\t\t\t\t#rt-tpg-container-2618635263 .wc4 .rt-detail .rt-wc-add-to-cart,\n\t\t\t\t\t#rt-tpg-container-2618635263 .edd3 .rt-detail .rt-wc-add-to-cart,\n\t\t\t\t\t#rt-tpg-container-2618635263 .wc-carousel2 .rt-detail .rt-wc-add-to-cart,\n\t\t\t\t\t#rt-tpg-container-2618635263 .wc-isotope2 .rt-detail .rt-wc-add-to-cart,\n\t\t\t\t\t#rt-tpg-container-2618635263 .rt-tpg-utility .rt-tpg-load-more button,\n\t\t\t\t\t#rt-tooltip-2618635263,\n\t\t\t\t\t#rt-tpg-container-2618635263 .rt-filter-item-wrap.rt-filter-button-wrap span.rt-filter-button-item,\n\t\t\t\t\t#rt-tpg-container-2618635263 .rt-layout-filter-container .rt-filter-sub-tax.sub-button-group .rt-filter-button-item,\n\t\t\t\t\t#rt-tpg-container-2618635263 .rt-layout-filter-container .rt-filter-wrap .rt-filter-item-wrap.rt-sort-order-action,\n\t\t\t\t\t#rt-tpg-container-2618635263 .rt-layout-filter-container .rt-filter-wrap .rt-filter-item-wrap.rt-filter-dropdown-wrap .rt-filter-dropdown .rt-filter-dropdown-item,\n\t\t\t\t\t#rt-tpg-container-2618635263.rt-tpg-container .rt-pagination-wrap .rt-page-numbers .paginationjs .paginationjs-pages ul li>a,\n\t\t\t\t\t#rt-tpg-container-2618635263.rt-tpg-container .rt-pagination-wrap .rt-cb-page-prev-next > *,\n\t\t\t\t\t#rt-tpg-container-2618635263.rt-tpg-container .rt-pagination-wrap  .rt-loadmore-btn,\n\t\t\t\t\t#rt-tpg-container-2618635263 .rt-read-more,\n\t\t\t\t\t#rt-tooltip-2618635263 .rt-tooltip-bottom:after{color:#688166;}#rt-tpg-container-2618635263 .rt-filter-item-wrap.rt-filter-button-wrap span.rt-filter-button-item:hover,\n\t\t\t\t\t#rt-tpg-container-2618635263 .rt-holder .read-more a:hover,\n\t\t\t\t\t#rt-tpg-container-2618635263.rt-tpg-container .swiper-navigation .slider-btn:hover,\n\t\t\t\t\t#rt-tpg-container-2618635263 .rt-layout-filter-container .rt-filter-sub-tax.sub-button-group .rt-filter-button-item:hover,\n\t\t\t\t\t#rt-tpg-container-2618635263 .rt-layout-filter-container .rt-filter-wrap .rt-filter-item-wrap.rt-filter-dropdown-wrap .rt-filter-dropdown .rt-filter-dropdown-item:hover,\n\t\t\t\t\t#rt-tpg-container-2618635263 .rt-layout-filter-container .rt-filter-wrap .rt-filter-item-wrap.rt-filter-dropdown-wrap .rt-filter-dropdown .rt-filter-dropdown-item.selected,\n\t\t\t\t\t#rt-tpg-container-2618635263 .rt-layout-filter-container .rt-filter-wrap .rt-filter-item-wrap.rt-sort-order-action:hover,\n\t\t\t\t\t#rt-tpg-container-2618635263.rt-tpg-container .rt-pagination-wrap .rt-page-numbers .paginationjs .paginationjs-pages ul li.active>a:hover,\n\t\t\t\t\t#rt-tpg-container-2618635263 .rt-filter-item-wrap.rt-filter-button-wrap span.rt-filter-button-item.selected,\n\t\t\t\t\t#rt-tpg-container-2618635263 .rt-layout-filter-container .rt-filter-wrap .rt-filter-item-wrap.rt-sort-order-action,\n\t\t\t\t\t#rt-tpg-container-2618635263.rt-tpg-container .rt-pagination-wrap  .rt-loadmore-btn:hover,\n\t\t\t\t\t#rt-tpg-container-2618635263 .rt-read-more:hover,\n\t\t\t\t\t#rt-tpg-container-2618635263.rt-tpg-container .rt-pagination-wrap .rt-page-numbers .paginationjs .paginationjs-pages ul li.active>a{color:#b4a681;}#rt-tpg-container-2618635263 .read-more a{border-radius:px;}#rt-tpg-container-2618635263.rt-tpg-container {margin:50px 0px 0px 20px;}#rt-tpg-container-2618635263 .rt-img-holder img.rt-img-responsive,#rt-tpg-container-2618635263 .rt-img-holder,\n\t\t\t\t\t#rt-tpg-container-2618635263 .rt-post-overlay .post-img,\n\t\t\t\t\t#rt-tpg-container-2618635263 .post-sm .post-img,\n\t\t\t\t\t#rt-tpg-container-2618635263 .rt-post-grid .post-img,\n\t\t\t\t\t#rt-tpg-container-2618635263 .post-img img {border-radius:px;}<\/style><div class='rt-container-fluid rt-tpg-container tpg-shortcode-main-wrapper ' id='rt-tpg-container-2618635263'   data-layout='layout6' data-grid-style='even' data-desktop-col='3'  data-tab-col='2'  data-mobile-col='1' data-sc-id='2141'><div data-title='Loading ...' class='rt-row rt-content-loader   layout6 tpg-even '><div class=\"rt-col-md-4 rt-col-sm-6 rt-col-xs-12 even-grid-item rt-grid-item\" data-id=\"2458\"><div class=\"rt-holder\"><div class=\"overlay\"><h3 class=\"entry-title\"><a data-id=\"2458\" class=\"\" href=\"https:\/\/www.jaegerhaus-sehlde.de\/?p=2458\">Pfingstsonntag im J\u00e4gerhaus<\/a><\/h3><div class='line'><\/div><div class='post-meta '><span class='read-more'><a data-id='2458' class='' href='https:\/\/www.jaegerhaus-sehlde.de\/?p=2458'>Weiterlesen<\/a><\/span><\/div><\/div><a data-id='2458' class='' href='https:\/\/www.jaegerhaus-sehlde.de\/?p=2458'><img loading=\"lazy\" decoding=\"async\" width=\"2560\" height=\"2048\" src=\"https:\/\/www.jaegerhaus-sehlde.de\/wp-content\/uploads\/2026\/04\/JH_Veranstaltungen_24-05-2026_V01_INSTA-scaled.jpg\" class=\"rt-img-responsive \" alt=\"\" \/><\/a><\/div><\/div><\/div><\/div>\n\n\n<div class=\"tnp tnp-subscription\" style=\"width: 100%; text-align: left;  background-color: #fff;   border-top: 5px solid #eee;  border-bottom: 2px solid #eee; border-right: 2px solid #eee; border-left: 2px solid #eee; border-radius: 3px; padding: 2vmax; color:#555; max-width: 100%;\">\r\n<h2><i class=\"fa fa-envelope\"\"><\/i> NEWSLETTER<\/h2><br>\r\nF\u00fcr den kostenlosen Newsletter anmelden und keine Neuigkeiten mehr verpassen.<br><br>\r\n<form method=\"post\" action=\"\/?na=s\" style=\"max-width: 600px;\">\r\n<input type=\"hidden\" name=\"nlang\" value=\"\">\r\n<div class=\"tnp-field tnp-field-email\"><label for=\"tnp-1\"><b>E-Mail-Adresse<\/b><\/label>\r\n<input class=\"tnp-email\" type=\"email\" name=\"ne\" id=\"tnp-1\" value=\"\" placeholder=\"\" required><\/div>\r\n<div class=\"tnp-field tnp-privacy-field\"><label><input type=\"checkbox\" name=\"ny\" required class=\"tnp-privacy\"> <a target=\"_blank\" href=\"https\/\/www.jaegerhaus-sehlde.de\/?page_id=2159\">Hiermit akzeptiere ich die Datenschutzbestimmungen<\/a><\/label><\/div><div class=\"tnp-field tnp-field-button\" style=\"text-align: left\"><input class=\"tnp-submit xxx\" type=\"submit\" value=\"Abonnieren\" style=\"\">\r\n<\/div>\r\n<\/form>\r\n<\/div><input type=\"hidden\" name=\"nlang\" value=\"\">\n\n\n\n\n<p><\/p>\n","protected":false},"excerpt":{"rendered":"<p>Das J\u00e4gerhaus steht zum Mieten f\u00fcr Feiern und Veranstaltungen zur Verf\u00fcgung. Eine dauerhafte Bewirtschaftung mit regelm\u00e4\u00dfigen \u00d6ffnungszeiten ist zurzeit nicht geplant.<\/p>\n","protected":false},"author":1,"featured_media":0,"parent":0,"menu_order":0,"comment_status":"closed","ping_status":"closed","template":"","meta":{"footnotes":""},"class_list":["post-1272","page","type-page","status-publish","hentry"],"yoast_head":"<!-- This site is optimized with the Yoast SEO plugin v27.0 - https:\/\/yoast.com\/product\/yoast-seo-wordpress\/ -->\n<title>Veranstaltungen - J\u00e4gerhaus Sehlde<\/title>\n<meta name=\"robots\" content=\"index, follow, max-snippet:-1, max-image-preview:large, max-video-preview:-1\" \/>\n<link rel=\"canonical\" href=\"https:\/\/www.jaegerhaus-sehlde.de\/?page_id=1272\" \/>\n<meta property=\"og:locale\" content=\"de_DE\" \/>\n<meta property=\"og:type\" content=\"article\" \/>\n<meta property=\"og:title\" content=\"Veranstaltungen - J\u00e4gerhaus Sehlde\" \/>\n<meta property=\"og:description\" content=\"Das J\u00e4gerhaus steht zum Mieten f\u00fcr Feiern und Veranstaltungen zur Verf\u00fcgung. Eine dauerhafte Bewirtschaftung mit regelm\u00e4\u00dfigen \u00d6ffnungszeiten ist zurzeit nicht geplant.\" \/>\n<meta property=\"og:url\" content=\"https:\/\/www.jaegerhaus-sehlde.de\/?page_id=1272\" \/>\n<meta property=\"og:site_name\" content=\"J\u00e4gerhaus Sehlde\" \/>\n<meta property=\"article:publisher\" content=\"https:\/\/www.facebook.com\/JaegerhausSehlde\/\" \/>\n<meta property=\"article:modified_time\" content=\"2025-09-08T09:14:35+00:00\" \/>\n<meta name=\"twitter:card\" content=\"summary_large_image\" \/>\n<meta name=\"twitter:label1\" content=\"Gesch\u00e4tzte Lesezeit\" \/>\n\t<meta name=\"twitter:data1\" content=\"1\u00a0Minute\" \/>\n<script type=\"application\/ld+json\" class=\"yoast-schema-graph\">{\"@context\":\"https:\/\/schema.org\",\"@graph\":[{\"@type\":\"WebPage\",\"@id\":\"https:\/\/www.jaegerhaus-sehlde.de\/?page_id=1272\",\"url\":\"https:\/\/www.jaegerhaus-sehlde.de\/?page_id=1272\",\"name\":\"Veranstaltungen - J\u00e4gerhaus Sehlde\",\"isPartOf\":{\"@id\":\"https:\/\/www.jaegerhaus-sehlde.de\/#website\"},\"datePublished\":\"2018-10-17T09:55:27+00:00\",\"dateModified\":\"2025-09-08T09:14:35+00:00\",\"breadcrumb\":{\"@id\":\"https:\/\/www.jaegerhaus-sehlde.de\/?page_id=1272#breadcrumb\"},\"inLanguage\":\"de\",\"potentialAction\":[{\"@type\":\"ReadAction\",\"target\":[\"https:\/\/www.jaegerhaus-sehlde.de\/?page_id=1272\"]}]},{\"@type\":\"BreadcrumbList\",\"@id\":\"https:\/\/www.jaegerhaus-sehlde.de\/?page_id=1272#breadcrumb\",\"itemListElement\":[{\"@type\":\"ListItem\",\"position\":1,\"name\":\"Startseite\",\"item\":\"https:\/\/www.jaegerhaus-sehlde.de\/\"},{\"@type\":\"ListItem\",\"position\":2,\"name\":\"Veranstaltungen\"}]},{\"@type\":\"WebSite\",\"@id\":\"https:\/\/www.jaegerhaus-sehlde.de\/#website\",\"url\":\"https:\/\/www.jaegerhaus-sehlde.de\/\",\"name\":\"J\u00e4gerhaus Sehlde\",\"description\":\"\",\"publisher\":{\"@id\":\"https:\/\/www.jaegerhaus-sehlde.de\/#organization\"},\"potentialAction\":[{\"@type\":\"SearchAction\",\"target\":{\"@type\":\"EntryPoint\",\"urlTemplate\":\"https:\/\/www.jaegerhaus-sehlde.de\/?s={search_term_string}\"},\"query-input\":{\"@type\":\"PropertyValueSpecification\",\"valueRequired\":true,\"valueName\":\"search_term_string\"}}],\"inLanguage\":\"de\"},{\"@type\":\"Organization\",\"@id\":\"https:\/\/www.jaegerhaus-sehlde.de\/#organization\",\"name\":\"J\u00e4gerhaus Sehlde\",\"url\":\"https:\/\/www.jaegerhaus-sehlde.de\/\",\"logo\":{\"@type\":\"ImageObject\",\"inLanguage\":\"de\",\"@id\":\"https:\/\/www.jaegerhaus-sehlde.de\/#\/schema\/logo\/image\/\",\"url\":\"https:\/\/www.jaegerhaus-sehlde.de\/wp-content\/uploads\/2022\/03\/logo_ligthgreen.png\",\"contentUrl\":\"https:\/\/www.jaegerhaus-sehlde.de\/wp-content\/uploads\/2022\/03\/logo_ligthgreen.png\",\"width\":1499,\"height\":493,\"caption\":\"J\u00e4gerhaus Sehlde\"},\"image\":{\"@id\":\"https:\/\/www.jaegerhaus-sehlde.de\/#\/schema\/logo\/image\/\"},\"sameAs\":[\"https:\/\/www.facebook.com\/JaegerhausSehlde\/\",\"https:\/\/www.instagram.com\/jaegerhaus_sehlde\/\"]}]}<\/script>\n<!-- \/ Yoast SEO plugin. -->","yoast_head_json":{"title":"Veranstaltungen - J\u00e4gerhaus Sehlde","robots":{"index":"index","follow":"follow","max-snippet":"max-snippet:-1","max-image-preview":"max-image-preview:large","max-video-preview":"max-video-preview:-1"},"canonical":"https:\/\/www.jaegerhaus-sehlde.de\/?page_id=1272","og_locale":"de_DE","og_type":"article","og_title":"Veranstaltungen - J\u00e4gerhaus Sehlde","og_description":"Das J\u00e4gerhaus steht zum Mieten f\u00fcr Feiern und Veranstaltungen zur Verf\u00fcgung. Eine dauerhafte Bewirtschaftung mit regelm\u00e4\u00dfigen \u00d6ffnungszeiten ist zurzeit nicht geplant.","og_url":"https:\/\/www.jaegerhaus-sehlde.de\/?page_id=1272","og_site_name":"J\u00e4gerhaus Sehlde","article_publisher":"https:\/\/www.facebook.com\/JaegerhausSehlde\/","article_modified_time":"2025-09-08T09:14:35+00:00","twitter_card":"summary_large_image","twitter_misc":{"Gesch\u00e4tzte Lesezeit":"1\u00a0Minute"},"schema":{"@context":"https:\/\/schema.org","@graph":[{"@type":"WebPage","@id":"https:\/\/www.jaegerhaus-sehlde.de\/?page_id=1272","url":"https:\/\/www.jaegerhaus-sehlde.de\/?page_id=1272","name":"Veranstaltungen - J\u00e4gerhaus Sehlde","isPartOf":{"@id":"https:\/\/www.jaegerhaus-sehlde.de\/#website"},"datePublished":"2018-10-17T09:55:27+00:00","dateModified":"2025-09-08T09:14:35+00:00","breadcrumb":{"@id":"https:\/\/www.jaegerhaus-sehlde.de\/?page_id=1272#breadcrumb"},"inLanguage":"de","potentialAction":[{"@type":"ReadAction","target":["https:\/\/www.jaegerhaus-sehlde.de\/?page_id=1272"]}]},{"@type":"BreadcrumbList","@id":"https:\/\/www.jaegerhaus-sehlde.de\/?page_id=1272#breadcrumb","itemListElement":[{"@type":"ListItem","position":1,"name":"Startseite","item":"https:\/\/www.jaegerhaus-sehlde.de\/"},{"@type":"ListItem","position":2,"name":"Veranstaltungen"}]},{"@type":"WebSite","@id":"https:\/\/www.jaegerhaus-sehlde.de\/#website","url":"https:\/\/www.jaegerhaus-sehlde.de\/","name":"J\u00e4gerhaus Sehlde","description":"","publisher":{"@id":"https:\/\/www.jaegerhaus-sehlde.de\/#organization"},"potentialAction":[{"@type":"SearchAction","target":{"@type":"EntryPoint","urlTemplate":"https:\/\/www.jaegerhaus-sehlde.de\/?s={search_term_string}"},"query-input":{"@type":"PropertyValueSpecification","valueRequired":true,"valueName":"search_term_string"}}],"inLanguage":"de"},{"@type":"Organization","@id":"https:\/\/www.jaegerhaus-sehlde.de\/#organization","name":"J\u00e4gerhaus Sehlde","url":"https:\/\/www.jaegerhaus-sehlde.de\/","logo":{"@type":"ImageObject","inLanguage":"de","@id":"https:\/\/www.jaegerhaus-sehlde.de\/#\/schema\/logo\/image\/","url":"https:\/\/www.jaegerhaus-sehlde.de\/wp-content\/uploads\/2022\/03\/logo_ligthgreen.png","contentUrl":"https:\/\/www.jaegerhaus-sehlde.de\/wp-content\/uploads\/2022\/03\/logo_ligthgreen.png","width":1499,"height":493,"caption":"J\u00e4gerhaus Sehlde"},"image":{"@id":"https:\/\/www.jaegerhaus-sehlde.de\/#\/schema\/logo\/image\/"},"sameAs":["https:\/\/www.facebook.com\/JaegerhausSehlde\/","https:\/\/www.instagram.com\/jaegerhaus_sehlde\/"]}]}},"rttpg_featured_image_url":null,"rttpg_author":{"display_name":"Administrator","author_link":"https:\/\/www.jaegerhaus-sehlde.de\/?author=1"},"rttpg_comment":0,"rttpg_category":"","rttpg_excerpt":"Das J\u00e4gerhaus steht zum Mieten f\u00fcr Feiern und Veranstaltungen zur Verf\u00fcgung. Eine dauerhafte Bewirtschaftung mit regelm\u00e4\u00dfigen \u00d6ffnungszeiten ist zurzeit nicht geplant.","_links":{"self":[{"href":"https:\/\/www.jaegerhaus-sehlde.de\/index.php?rest_route=\/wp\/v2\/pages\/1272","targetHints":{"allow":["GET"]}}],"collection":[{"href":"https:\/\/www.jaegerhaus-sehlde.de\/index.php?rest_route=\/wp\/v2\/pages"}],"about":[{"href":"https:\/\/www.jaegerhaus-sehlde.de\/index.php?rest_route=\/wp\/v2\/types\/page"}],"author":[{"embeddable":true,"href":"https:\/\/www.jaegerhaus-sehlde.de\/index.php?rest_route=\/wp\/v2\/users\/1"}],"replies":[{"embeddable":true,"href":"https:\/\/www.jaegerhaus-sehlde.de\/index.php?rest_route=%2Fwp%2Fv2%2Fcomments&post=1272"}],"version-history":[{"count":42,"href":"https:\/\/www.jaegerhaus-sehlde.de\/index.php?rest_route=\/wp\/v2\/pages\/1272\/revisions"}],"predecessor-version":[{"id":2357,"href":"https:\/\/www.jaegerhaus-sehlde.de\/index.php?rest_route=\/wp\/v2\/pages\/1272\/revisions\/2357"}],"wp:attachment":[{"href":"https:\/\/www.jaegerhaus-sehlde.de\/index.php?rest_route=%2Fwp%2Fv2%2Fmedia&parent=1272"}],"curies":[{"name":"wp","href":"https:\/\/api.w.org\/{rel}","templated":true}]}}